{"id":3480,"date":"2020-10-20T13:59:37","date_gmt":"2020-10-20T11:59:37","guid":{"rendered":"https:\/\/itsmybike.com\/test-nl\/"},"modified":"2020-10-20T13:59:38","modified_gmt":"2020-10-20T11:59:38","slug":"test-nl","status":"publish","type":"page","link":"https:\/\/itsmybike.com\/nl\/test-nl\/","title":{"rendered":"Test NL"},"content":{"rendered":"<div class=\"wpb-content-wrapper\"><p>[vc_row seperator_enable=&#8221;seperator_enable_value&#8221; seperator_type=&#8221;tilt_left_seperator&#8221; seperator_position=&#8221;bottom_seperator&#8221; seperator_svg_height=&#8221;80&#8243; seperator_shape_background=&#8221;#ffffff&#8221; type=&#8221;vc_default&#8221; css=&#8221;.vc_custom_1558362144704{padding-top: 80px !important;padding-bottom: 50px !important;}&#8221;][vc_column width=&#8221;5\/6&#8243; offset=&#8221;vc_col-md-offset-2 vc_col-md-8&#8243;]<div id=\"ultimate-heading-729969f32168eab53\" class=\"uvc-heading ult-adjust-bottom-margin ultimate-heading-729969f32168eab53 uvc-1757 \" data-hspacer=\"no_spacer\"  data-halign=\"center\" style=\"text-align:center\"><div class=\"uvc-heading-spacer no_spacer\" style=\"top\"><\/div><div class=\"uvc-main-heading ult-responsive\"  data-ultimate-target='.uvc-heading.ultimate-heading-729969f32168eab53 h2'  data-responsive-json-new='{\"font-size\":\"desktop:60px;tablet:50px;tablet_portrait:45px;mobile_landscape:40px;mobile:30px;\",\"line-height\":\"\"}' ><h2 style=\"--font-weight:theme;color:#fdc300;margin-bottom:30px;\">Servicewelt<\/h2><\/div><div class=\"uvc-sub-heading ult-responsive\"  data-ultimate-target='.uvc-heading.ultimate-heading-729969f32168eab53 .uvc-sub-heading '  data-responsive-json-new='{\"font-size\":\"desktop:40px;tablet:35px;tablet_portrait:30px;mobile_landscape:25px;mobile:20px;\",\"line-height\":\"\"}'  style=\"font-weight:normal;color:#575757;margin-bottom:30px;\">IT\u2019S MY BIKE bietet mit seiner neuartigen Technologie einen einzigartigen Diebstahlschutz f\u00fcr E-Bikes. Die durch die App bereitgestellte umfassende Servicewelt versichert ein einzigartiges Fahrerlebnis.<\/div><\/div>[\/vc_column][\/vc_row][vc_row bg_type=&#8221;grad&#8221; bg_override=&#8221;ex-full&#8221; seperator_enable=&#8221;seperator_enable_value&#8221; seperator_type=&#8221;tilt_left_seperator&#8221; seperator_position=&#8221;bottom_seperator&#8221; seperator_svg_height=&#8221;80&#8243; seperator_shape_background=&#8221;#f7f7f7&#8243; type=&#8221;vc_default&#8221; css=&#8221;.vc_custom_1558358689655{padding-top: 140px !important;padding-bottom: 140px !important;}&#8221; bg_grad=&#8221;background: -webkit-gradient(linear, left top, left bottom, color-stop(0%, #F7F7F7), color-stop(100%, #FFFFFF));background: -moz-linear-gradient(top,#F7F7F7 0%,#FFFFFF 100%);background: -webkit-linear-gradient(top,#F7F7F7 0%,#FFFFFF 100%);background: -o-linear-gradient(top,#F7F7F7 0%,#FFFFFF 100%);background: -ms-linear-gradient(top,#F7F7F7 0%,#FFFFFF 100%);background: linear-gradient(top,#F7F7F7 0%,#FFFFFF 100%);&#8221;][vc_column css_animation=&#8221;fadeInRight&#8221; width=&#8221;1\/2&#8243; css=&#8221;.vc_custom_1601457980341{border-bottom-width: 30px !important;}&#8221;]<div id=\"ultimate-heading-753569f32168eabe9\" class=\"uvc-heading ult-adjust-bottom-margin ultimate-heading-753569f32168eabe9 uvc-438 \" data-hspacer=\"no_spacer\"  data-halign=\"center\" style=\"text-align:center\"><div class=\"uvc-heading-spacer no_spacer\" style=\"top\"><\/div><div class=\"uvc-main-heading ult-responsive\"  data-ultimate-target='.uvc-heading.ultimate-heading-753569f32168eabe9 h2'  data-responsive-json-new='{\"font-size\":\"desktop:60px;tablet:50px;tablet_portrait:45px;mobile_landscape:40px;mobile:30px;\",\"line-height\":\"\"}' ><h2 style=\"--font-weight:theme;color:#fdc300;\">Diebstahlschutz<\/h2><\/div><div class=\"uvc-sub-heading ult-responsive\"  data-ultimate-target='.uvc-heading.ultimate-heading-753569f32168eabe9 .uvc-sub-heading '  data-responsive-json-new='{\"font-size\":\"desktop:40px;tablet:35px;tablet_portrait:30px;mobile_landscape:25px;mobile:20px;\",\"line-height\":\"\"}'  style=\"font-weight:normal;color:#575757;margin-bottom:50px;\">Einfach \u2013 Preiswert \u2013 Digital<\/div><\/div>[vc_column_text css_animation=&#8221;none&#8221; css=&#8221;.vc_custom_1558353550839{margin-bottom: 50px !important;}&#8221;]<\/p>\n<p style=\"text-align: center;\">Dein E-Bike soll sicher sein: Mit IT\u2019S MY BIKE garantieren wir dir eine einzigartige L\u00f6sung zur Sicherung deines E-Bikes vor Diebstahl &#8211; Einfach. Preiswert. Digital. Dabei wird ein Ortungsmodul unsichtbar in dein E-Bike verbaut \u2013 entweder in Serie oder als Nachr\u00fcstl\u00f6sung. Einmal installiert, kannst du jederzeit \u00fcber die App den Live-Standort deines E-Bikes abrufen und erh\u00e4ltst zus\u00e4tzlich eine Diebstahl-Warnung.<\/p>\n<p>[\/vc_column_text][vc_icon type=&#8221;material&#8221; icon_material=&#8221;vc-material vc-material-arrow_downward&#8221; color=&#8221;custom&#8221; background_style=&#8221;rounded&#8221; background_color=&#8221;custom&#8221; align=&#8221;center&#8221; css_animation=&#8221;slideInUp&#8221; link=&#8221;url:%23wiederbeschaffung|||&#8221; custom_color=&#8221;#ffffff&#8221; custom_background_color=&#8221;#4f338b&#8221;][\/vc_column][vc_column css_animation=&#8221;fadeInLeft&#8221; width=&#8221;1\/2&#8243; css=&#8221;.vc_custom_1601457972137{padding-bottom: 30px !important;background-position: 0 0 !important;background-repeat: no-repeat !important;}&#8221; offset=&#8221;vc_col-sm-offset-0 vc_col-xs-offset-2 vc_col-xs-8&#8243;][vc_single_image image=&#8221;3477&#8243; img_size=&#8221;full&#8221;][\/vc_column][\/vc_row]<\/p>\n<\/div>","protected":false},"excerpt":{"rendered":"<p>[vc_row seperator_enable=&#8221;seperator_enable_value&#8221; seperator_type=&#8221;tilt_left_seperator&#8221; seperator_position=&#8221;bottom_seperator&#8221; seperator_svg_height=&#8221;80&#8243; seperator_shape_background=&#8221;#ffffff&#8221; type=&#8221;vc_default&#8221; css=&#8221;.vc_custom_1558362144704{padding-top: 80px !important;padding-bottom: 50px !important;}&#8221;][vc_column width=&#8221;5\/6&#8243; offset=&#8221;vc_col-md-offset-2 vc_col-md-8&#8243;][\/vc_column][\/vc_row][vc_row bg_type=&#8221;grad&#8221; bg_override=&#8221;ex-full&#8221; seperator_enable=&#8221;seperator_enable_value&#8221; seperator_type=&#8221;tilt_left_seperator&#8221; seperator_position=&#8221;bottom_seperator&#8221; seperator_svg_height=&#8221;80&#8243; seperator_shape_background=&#8221;#f7f7f7&#8243; type=&#8221;vc_default&#8221; css=&#8221;.vc_custom_1558358689655{padding-top: 140px !important;padding-bottom: 140px !important;}&#8221; bg_grad=&#8221;background: -webkit-gradient(linear, left top, left bottom, color-stop(0%, #F7F7F7), color-stop(100%, #FFFFFF));background: -moz-linear-gradient(top,#F7F7F7 0%,#FFFFFF 100%);background: -webkit-linear-gradient(top,#F7F7F7 0%,#FFFFFF 100%);background: -o-linear-gradient(top,#F7F7F7 0%,#FFFFFF 100%);background: -ms-linear-gradient(top,#F7F7F7 0%,#FFFFFF 100%);background: linear-gradient(top,#F7F7F7 0%,#FFFFFF 100%);&#8221;][vc_column css_animation=&#8221;fadeInRight&#8221; width=&#8221;1\/2&#8243;&hellip;<\/p>\n","protected":false},"author":1,"featured_media":0,"parent":0,"menu_order":0,"comment_status":"closed","ping_status":"closed","template":"","meta":{"inline_featured_image":false,"footnotes":""},"class_list":["post-3480","page","type-page","status-publish","hentry","description-off"],"yoast_head":"<!-- This site is optimized with the Yoast SEO plugin v27.5 - https:\/\/yoast.com\/product\/yoast-seo-wordpress\/ -->\n<title>Test NL &#8211; IT&#039;S MY BIKE<\/title>\n<meta name=\"robots\" content=\"index, follow, max-snippet:-1, max-image-preview:large, max-video-preview:-1\" \/>\n<link rel=\"canonical\" href=\"https:\/\/itsmybike.com\/nl\/test-nl\/\" \/>\n<meta property=\"og:locale\" content=\"nl_NL\" \/>\n<meta property=\"og:type\" content=\"article\" \/>\n<meta property=\"og:title\" content=\"Test NL &#8211; IT&#039;S MY BIKE\" \/>\n<meta property=\"og:description\" content=\"[vc_row seperator_enable=&#8221;seperator_enable_value&#8221; seperator_type=&#8221;tilt_left_seperator&#8221; seperator_position=&#8221;bottom_seperator&#8221; seperator_svg_height=&#8221;80&#8243; seperator_shape_background=&#8221;#ffffff&#8221; type=&#8221;vc_default&#8221; css=&#8221;.vc_custom_1558362144704{padding-top: 80px !important;padding-bottom: 50px !important;}&#8221;][vc_column width=&#8221;5\/6&#8243; offset=&#8221;vc_col-md-offset-2 vc_col-md-8&#8243;][\/vc_column][\/vc_row][vc_row bg_type=&#8221;grad&#8221; bg_override=&#8221;ex-full&#8221; seperator_enable=&#8221;seperator_enable_value&#8221; seperator_type=&#8221;tilt_left_seperator&#8221; seperator_position=&#8221;bottom_seperator&#8221; seperator_svg_height=&#8221;80&#8243; seperator_shape_background=&#8221;#f7f7f7&#8243; type=&#8221;vc_default&#8221; css=&#8221;.vc_custom_1558358689655{padding-top: 140px !important;padding-bottom: 140px !important;}&#8221; bg_grad=&#8221;background: -webkit-gradient(linear, left top, left bottom, color-stop(0%, #F7F7F7), color-stop(100%, #FFFFFF));background: -moz-linear-gradient(top,#F7F7F7 0%,#FFFFFF 100%);background: -webkit-linear-gradient(top,#F7F7F7 0%,#FFFFFF 100%);background: -o-linear-gradient(top,#F7F7F7 0%,#FFFFFF 100%);background: -ms-linear-gradient(top,#F7F7F7 0%,#FFFFFF 100%);background: linear-gradient(top,#F7F7F7 0%,#FFFFFF 100%);&#8221;][vc_column css_animation=&#8221;fadeInRight&#8221; width=&#8221;1\/2&#8243;&hellip;\" \/>\n<meta property=\"og:url\" content=\"https:\/\/itsmybike.com\/nl\/test-nl\/\" \/>\n<meta property=\"og:site_name\" content=\"IT&#039;S MY BIKE\" \/>\n<meta property=\"article:publisher\" content=\"https:\/\/www.facebook.com\/itsmybike.de\/\" \/>\n<meta property=\"article:modified_time\" content=\"2020-10-20T11:59:38+00:00\" \/>\n<meta name=\"twitter:card\" content=\"summary_large_image\" \/>\n<meta name=\"twitter:label1\" content=\"Geschatte leestijd\" \/>\n\t<meta name=\"twitter:data1\" content=\"2 minuten\" \/>\n<script type=\"application\/ld+json\" class=\"yoast-schema-graph\">{\"@context\":\"https:\\\/\\\/schema.org\",\"@graph\":[{\"@type\":\"WebPage\",\"@id\":\"https:\\\/\\\/itsmybike.com\\\/nl\\\/test-nl\\\/\",\"url\":\"https:\\\/\\\/itsmybike.com\\\/nl\\\/test-nl\\\/\",\"name\":\"Test NL &#8211; IT&#039;S MY BIKE\",\"isPartOf\":{\"@id\":\"https:\\\/\\\/itsmybike.com\\\/nl\\\/#website\"},\"datePublished\":\"2020-10-20T11:59:37+00:00\",\"dateModified\":\"2020-10-20T11:59:38+00:00\",\"breadcrumb\":{\"@id\":\"https:\\\/\\\/itsmybike.com\\\/nl\\\/test-nl\\\/#breadcrumb\"},\"inLanguage\":\"nl-NL\",\"potentialAction\":[{\"@type\":\"ReadAction\",\"target\":[\"https:\\\/\\\/itsmybike.com\\\/nl\\\/test-nl\\\/\"]}]},{\"@type\":\"BreadcrumbList\",\"@id\":\"https:\\\/\\\/itsmybike.com\\\/nl\\\/test-nl\\\/#breadcrumb\",\"itemListElement\":[{\"@type\":\"ListItem\",\"position\":1,\"name\":\"Startseite\",\"item\":\"https:\\\/\\\/itsmybike.com\\\/nl\\\/\"},{\"@type\":\"ListItem\",\"position\":2,\"name\":\"Test NL\"}]},{\"@type\":\"WebSite\",\"@id\":\"https:\\\/\\\/itsmybike.com\\\/nl\\\/#website\",\"url\":\"https:\\\/\\\/itsmybike.com\\\/nl\\\/\",\"name\":\"IT&#039;S MY BIKE\",\"description\":\"Track and Protect\",\"publisher\":{\"@id\":\"https:\\\/\\\/itsmybike.com\\\/nl\\\/#organization\"},\"potentialAction\":[{\"@type\":\"SearchAction\",\"target\":{\"@type\":\"EntryPoint\",\"urlTemplate\":\"https:\\\/\\\/itsmybike.com\\\/nl\\\/?s={search_term_string}\"},\"query-input\":{\"@type\":\"PropertyValueSpecification\",\"valueRequired\":true,\"valueName\":\"search_term_string\"}}],\"inLanguage\":\"nl-NL\"},{\"@type\":\"Organization\",\"@id\":\"https:\\\/\\\/itsmybike.com\\\/nl\\\/#organization\",\"name\":\"IT'S MY BIKE\",\"url\":\"https:\\\/\\\/itsmybike.com\\\/nl\\\/\",\"logo\":{\"@type\":\"ImageObject\",\"inLanguage\":\"nl-NL\",\"@id\":\"https:\\\/\\\/itsmybike.com\\\/nl\\\/#\\\/schema\\\/logo\\\/image\\\/\",\"url\":\"https:\\\/\\\/itsmybike.com\\\/wp-content\\\/uploads\\\/2019\\\/05\\\/IMB_logo-@1x-1.png\",\"contentUrl\":\"https:\\\/\\\/itsmybike.com\\\/wp-content\\\/uploads\\\/2019\\\/05\\\/IMB_logo-@1x-1.png\",\"width\":281,\"height\":140,\"caption\":\"IT'S MY BIKE\"},\"image\":{\"@id\":\"https:\\\/\\\/itsmybike.com\\\/nl\\\/#\\\/schema\\\/logo\\\/image\\\/\"},\"sameAs\":[\"https:\\\/\\\/www.facebook.com\\\/itsmybike.de\\\/\",\"https:\\\/\\\/www.youtube.com\\\/watch?v=Dfj-yYhbvSE\"]}]}<\/script>\n<!-- \/ Yoast SEO plugin. -->","yoast_head_json":{"title":"Test NL &#8211; IT&#039;S MY BIKE","robots":{"index":"index","follow":"follow","max-snippet":"max-snippet:-1","max-image-preview":"max-image-preview:large","max-video-preview":"max-video-preview:-1"},"canonical":"https:\/\/itsmybike.com\/nl\/test-nl\/","og_locale":"nl_NL","og_type":"article","og_title":"Test NL &#8211; IT&#039;S MY BIKE","og_description":"[vc_row seperator_enable=&#8221;seperator_enable_value&#8221; seperator_type=&#8221;tilt_left_seperator&#8221; seperator_position=&#8221;bottom_seperator&#8221; seperator_svg_height=&#8221;80&#8243; seperator_shape_background=&#8221;#ffffff&#8221; type=&#8221;vc_default&#8221; css=&#8221;.vc_custom_1558362144704{padding-top: 80px !important;padding-bottom: 50px !important;}&#8221;][vc_column width=&#8221;5\/6&#8243; offset=&#8221;vc_col-md-offset-2 vc_col-md-8&#8243;][\/vc_column][\/vc_row][vc_row bg_type=&#8221;grad&#8221; bg_override=&#8221;ex-full&#8221; seperator_enable=&#8221;seperator_enable_value&#8221; seperator_type=&#8221;tilt_left_seperator&#8221; seperator_position=&#8221;bottom_seperator&#8221; seperator_svg_height=&#8221;80&#8243; seperator_shape_background=&#8221;#f7f7f7&#8243; type=&#8221;vc_default&#8221; css=&#8221;.vc_custom_1558358689655{padding-top: 140px !important;padding-bottom: 140px !important;}&#8221; bg_grad=&#8221;background: -webkit-gradient(linear, left top, left bottom, color-stop(0%, #F7F7F7), color-stop(100%, #FFFFFF));background: -moz-linear-gradient(top,#F7F7F7 0%,#FFFFFF 100%);background: -webkit-linear-gradient(top,#F7F7F7 0%,#FFFFFF 100%);background: -o-linear-gradient(top,#F7F7F7 0%,#FFFFFF 100%);background: -ms-linear-gradient(top,#F7F7F7 0%,#FFFFFF 100%);background: linear-gradient(top,#F7F7F7 0%,#FFFFFF 100%);&#8221;][vc_column css_animation=&#8221;fadeInRight&#8221; width=&#8221;1\/2&#8243;&hellip;","og_url":"https:\/\/itsmybike.com\/nl\/test-nl\/","og_site_name":"IT&#039;S MY BIKE","article_publisher":"https:\/\/www.facebook.com\/itsmybike.de\/","article_modified_time":"2020-10-20T11:59:38+00:00","twitter_card":"summary_large_image","twitter_misc":{"Geschatte leestijd":"2 minuten"},"schema":{"@context":"https:\/\/schema.org","@graph":[{"@type":"WebPage","@id":"https:\/\/itsmybike.com\/nl\/test-nl\/","url":"https:\/\/itsmybike.com\/nl\/test-nl\/","name":"Test NL &#8211; IT&#039;S MY BIKE","isPartOf":{"@id":"https:\/\/itsmybike.com\/nl\/#website"},"datePublished":"2020-10-20T11:59:37+00:00","dateModified":"2020-10-20T11:59:38+00:00","breadcrumb":{"@id":"https:\/\/itsmybike.com\/nl\/test-nl\/#breadcrumb"},"inLanguage":"nl-NL","potentialAction":[{"@type":"ReadAction","target":["https:\/\/itsmybike.com\/nl\/test-nl\/"]}]},{"@type":"BreadcrumbList","@id":"https:\/\/itsmybike.com\/nl\/test-nl\/#breadcrumb","itemListElement":[{"@type":"ListItem","position":1,"name":"Startseite","item":"https:\/\/itsmybike.com\/nl\/"},{"@type":"ListItem","position":2,"name":"Test NL"}]},{"@type":"WebSite","@id":"https:\/\/itsmybike.com\/nl\/#website","url":"https:\/\/itsmybike.com\/nl\/","name":"IT&#039;S MY BIKE","description":"Track and Protect","publisher":{"@id":"https:\/\/itsmybike.com\/nl\/#organization"},"potentialAction":[{"@type":"SearchAction","target":{"@type":"EntryPoint","urlTemplate":"https:\/\/itsmybike.com\/nl\/?s={search_term_string}"},"query-input":{"@type":"PropertyValueSpecification","valueRequired":true,"valueName":"search_term_string"}}],"inLanguage":"nl-NL"},{"@type":"Organization","@id":"https:\/\/itsmybike.com\/nl\/#organization","name":"IT'S MY BIKE","url":"https:\/\/itsmybike.com\/nl\/","logo":{"@type":"ImageObject","inLanguage":"nl-NL","@id":"https:\/\/itsmybike.com\/nl\/#\/schema\/logo\/image\/","url":"https:\/\/itsmybike.com\/wp-content\/uploads\/2019\/05\/IMB_logo-@1x-1.png","contentUrl":"https:\/\/itsmybike.com\/wp-content\/uploads\/2019\/05\/IMB_logo-@1x-1.png","width":281,"height":140,"caption":"IT'S MY BIKE"},"image":{"@id":"https:\/\/itsmybike.com\/nl\/#\/schema\/logo\/image\/"},"sameAs":["https:\/\/www.facebook.com\/itsmybike.de\/","https:\/\/www.youtube.com\/watch?v=Dfj-yYhbvSE"]}]}},"_links":{"self":[{"href":"https:\/\/itsmybike.com\/nl\/wp-json\/wp\/v2\/pages\/3480","targetHints":{"allow":["GET"]}}],"collection":[{"href":"https:\/\/itsmybike.com\/nl\/wp-json\/wp\/v2\/pages"}],"about":[{"href":"https:\/\/itsmybike.com\/nl\/wp-json\/wp\/v2\/types\/page"}],"author":[{"embeddable":true,"href":"https:\/\/itsmybike.com\/nl\/wp-json\/wp\/v2\/users\/1"}],"replies":[{"embeddable":true,"href":"https:\/\/itsmybike.com\/nl\/wp-json\/wp\/v2\/comments?post=3480"}],"version-history":[{"count":0,"href":"https:\/\/itsmybike.com\/nl\/wp-json\/wp\/v2\/pages\/3480\/revisions"}],"wp:attachment":[{"href":"https:\/\/itsmybike.com\/nl\/wp-json\/wp\/v2\/media?parent=3480"}],"curies":[{"name":"wp","href":"https:\/\/api.w.org\/{rel}","templated":true}]}}